
{"id":192,"date":"2025-05-04T14:40:34","date_gmt":"2025-05-04T19:40:34","guid":{"rendered":"https:\/\/www.mirafloresboutique.com\/?page_id=192"},"modified":"2025-08-29T07:42:26","modified_gmt":"2025-08-29T12:42:26","slug":"bienestar","status":"publish","type":"page","link":"https:\/\/www.mirafloresboutique.com\/en\/bienestar\/","title":{"rendered":"Welfare"},"content":{"rendered":"<div class=\"wp-block-columns are-vertically-aligned-top is-layout-flex wp-container-core-columns-is-layout-9d6595d7 wp-block-columns-is-layout-flex\">\n<div class=\"wp-block-column is-vertically-aligned-top is-layout-flow wp-block-column-is-layout-flow\">\n<figure class=\"wp-block-image size-large is-style-default\"><noscript><img loading=\"lazy\" decoding=\"async\" width=\"1024\" height=\"768\" data-skip-lazy src=\"https:\/\/www.mirafloresboutique.com\/wp-content\/uploads\/2025\/08\/alianza-bote-lujo3-1024x768.jpeg\" alt=\"\" class=\"wp-image-431\" srcset=\"https:\/\/www.mirafloresboutique.com\/wp-content\/uploads\/2025\/08\/alianza-bote-lujo3-1024x768.jpeg 1024w, https:\/\/www.mirafloresboutique.com\/wp-content\/uploads\/2025\/08\/alianza-bote-lujo3-300x225.jpeg 300w, https:\/\/www.mirafloresboutique.com\/wp-content\/uploads\/2025\/08\/alianza-bote-lujo3-768x576.jpeg 768w, https:\/\/www.mirafloresboutique.com\/wp-content\/uploads\/2025\/08\/alianza-bote-lujo3-16x12.jpeg 16w, https:\/\/www.mirafloresboutique.com\/wp-content\/uploads\/2025\/08\/alianza-bote-lujo3-500x375.jpeg 500w, https:\/\/www.mirafloresboutique.com\/wp-content\/uploads\/2025\/08\/alianza-bote-lujo3-800x600.jpeg 800w, https:\/\/www.mirafloresboutique.com\/wp-content\/uploads\/2025\/08\/alianza-bote-lujo3.jpeg 1280w\" sizes=\"auto, (max-width: 1024px) 100vw, 1024px\" \/><\/noscript><img loading=\"eager\" decoding=\"async\" width=\"1024\" height=\"768\" src=\"https:\/\/www.mirafloresboutique.com\/wp-content\/uploads\/2025\/08\/alianza-bote-lujo3-1024x768.jpeg\" alt class=\"wp-image-431 vp-lazyload\" srcset=\"data:image\/svg+xml;base64,PHN2ZyB3aWR0aD0iMTAyNCIgaGVpZ2h0PSI3NjgiIHZpZXdCb3g9IjAgMCAxMDI0IDc2OCIgZmlsbD0ibm9uZSIgeG1sbnM9Imh0dHA6Ly93d3cudzMub3JnLzIwMDAvc3ZnIj48L3N2Zz4=\" data-src=\"https:\/\/www.mirafloresboutique.com\/wp-content\/uploads\/2025\/08\/alianza-bote-lujo3-1024x768.jpeg\" data-srcset=\"https:\/\/www.mirafloresboutique.com\/wp-content\/uploads\/2025\/08\/alianza-bote-lujo3-1024x768.jpeg 1024w, https:\/\/www.mirafloresboutique.com\/wp-content\/uploads\/2025\/08\/alianza-bote-lujo3-300x225.jpeg 300w, https:\/\/www.mirafloresboutique.com\/wp-content\/uploads\/2025\/08\/alianza-bote-lujo3-768x576.jpeg 768w, https:\/\/www.mirafloresboutique.com\/wp-content\/uploads\/2025\/08\/alianza-bote-lujo3-16x12.jpeg 16w, https:\/\/www.mirafloresboutique.com\/wp-content\/uploads\/2025\/08\/alianza-bote-lujo3-500x375.jpeg 500w, https:\/\/www.mirafloresboutique.com\/wp-content\/uploads\/2025\/08\/alianza-bote-lujo3-800x600.jpeg 800w, https:\/\/www.mirafloresboutique.com\/wp-content\/uploads\/2025\/08\/alianza-bote-lujo3.jpeg 1280w\" data-sizes=\"auto\"><\/figure>\n\n\n\n<h2 class=\"wp-block-heading\">Partnerships<\/h2>\n\n\n\n<p>\u00bfAlianzas? Con algunos restaurantes y diferentes tiendas de la isla, entre ellas: Donde Franchesca, la Regata y 5avenida, tambi\u00e9n manejamos alianzas con diferentes agencias de Viaje \u201cDespegar, Booking, Expedia, Europa travel y Price travel.<\/p>\n<\/div>\n\n\n\n<div class=\"wp-block-column is-vertically-aligned-top is-layout-flow wp-block-column-is-layout-flow\">\n<figure class=\"wp-block-image size-full\"><noscript><img loading=\"lazy\" decoding=\"async\" width=\"1280\" height=\"960\" data-skip-lazy src=\"https:\/\/www.mirafloresboutique.com\/wp-content\/uploads\/2025\/08\/snorkel.jpg\" alt=\"\" class=\"wp-image-435\" srcset=\"https:\/\/www.mirafloresboutique.com\/wp-content\/uploads\/2025\/08\/snorkel.jpg 1280w, https:\/\/www.mirafloresboutique.com\/wp-content\/uploads\/2025\/08\/snorkel-300x225.jpg 300w, https:\/\/www.mirafloresboutique.com\/wp-content\/uploads\/2025\/08\/snorkel-1024x768.jpg 1024w, https:\/\/www.mirafloresboutique.com\/wp-content\/uploads\/2025\/08\/snorkel-768x576.jpg 768w, https:\/\/www.mirafloresboutique.com\/wp-content\/uploads\/2025\/08\/snorkel-16x12.jpg 16w, https:\/\/www.mirafloresboutique.com\/wp-content\/uploads\/2025\/08\/snorkel-500x375.jpg 500w, https:\/\/www.mirafloresboutique.com\/wp-content\/uploads\/2025\/08\/snorkel-800x600.jpg 800w\" sizes=\"auto, (max-width: 1280px) 100vw, 1280px\" \/><\/noscript><img loading=\"eager\" decoding=\"async\" width=\"1280\" height=\"960\" src=\"https:\/\/www.mirafloresboutique.com\/wp-content\/uploads\/2025\/08\/snorkel.jpg\" alt class=\"wp-image-435 vp-lazyload\" srcset=\"data:image\/svg+xml;base64,PHN2ZyB3aWR0aD0iMTI4MCIgaGVpZ2h0PSI5NjAiIHZpZXdCb3g9IjAgMCAxMjgwIDk2MCIgZmlsbD0ibm9uZSIgeG1sbnM9Imh0dHA6Ly93d3cudzMub3JnLzIwMDAvc3ZnIj48L3N2Zz4=\" data-src=\"https:\/\/www.mirafloresboutique.com\/wp-content\/uploads\/2025\/08\/snorkel.jpg\" data-srcset=\"https:\/\/www.mirafloresboutique.com\/wp-content\/uploads\/2025\/08\/snorkel.jpg 1280w, https:\/\/www.mirafloresboutique.com\/wp-content\/uploads\/2025\/08\/snorkel-300x225.jpg 300w, https:\/\/www.mirafloresboutique.com\/wp-content\/uploads\/2025\/08\/snorkel-1024x768.jpg 1024w, https:\/\/www.mirafloresboutique.com\/wp-content\/uploads\/2025\/08\/snorkel-768x576.jpg 768w, https:\/\/www.mirafloresboutique.com\/wp-content\/uploads\/2025\/08\/snorkel-16x12.jpg 16w, https:\/\/www.mirafloresboutique.com\/wp-content\/uploads\/2025\/08\/snorkel-500x375.jpg 500w, https:\/\/www.mirafloresboutique.com\/wp-content\/uploads\/2025\/08\/snorkel-800x600.jpg 800w\" data-sizes=\"auto\"><\/figure>\n\n\n\n<h2 class=\"wp-block-heading\">Nearby Attractions<\/h2>\n\n\n\n<p>West View Eco Park (750m)\nA natural diving spot featuring waterslides, sunset views, and crystal-clear waters perfect for snorkeling and feeding colorful fish. Open daily from 9:00 AM to 5:00 PM.<\/p>\n<\/div>\n\n\n\n<div class=\"wp-block-column is-vertically-aligned-top is-layout-flow wp-block-column-is-layout-flow\">\n<figure class=\"wp-block-image size-large\"><noscript><img loading=\"lazy\" decoding=\"async\" width=\"1024\" height=\"768\" data-skip-lazy src=\"https:\/\/www.mirafloresboutique.com\/wp-content\/uploads\/2025\/08\/alianza-bote-4-1024x768.jpg\" alt=\"\" class=\"wp-image-433\" srcset=\"https:\/\/www.mirafloresboutique.com\/wp-content\/uploads\/2025\/08\/alianza-bote-4-1024x768.jpg 1024w, https:\/\/www.mirafloresboutique.com\/wp-content\/uploads\/2025\/08\/alianza-bote-4-300x225.jpg 300w, https:\/\/www.mirafloresboutique.com\/wp-content\/uploads\/2025\/08\/alianza-bote-4-768x576.jpg 768w, https:\/\/www.mirafloresboutique.com\/wp-content\/uploads\/2025\/08\/alianza-bote-4-16x12.jpg 16w, https:\/\/www.mirafloresboutique.com\/wp-content\/uploads\/2025\/08\/alianza-bote-4-500x375.jpg 500w, https:\/\/www.mirafloresboutique.com\/wp-content\/uploads\/2025\/08\/alianza-bote-4-800x600.jpg 800w, https:\/\/www.mirafloresboutique.com\/wp-content\/uploads\/2025\/08\/alianza-bote-4.jpg 1280w\" sizes=\"auto, (max-width: 1024px) 100vw, 1024px\" \/><\/noscript><img loading=\"eager\" decoding=\"async\" width=\"1024\" height=\"768\" src=\"https:\/\/www.mirafloresboutique.com\/wp-content\/uploads\/2025\/08\/alianza-bote-4-1024x768.jpg\" alt class=\"wp-image-433 vp-lazyload\" srcset=\"data:image\/svg+xml;base64,PHN2ZyB3aWR0aD0iMTAyNCIgaGVpZ2h0PSI3NjgiIHZpZXdCb3g9IjAgMCAxMDI0IDc2OCIgZmlsbD0ibm9uZSIgeG1sbnM9Imh0dHA6Ly93d3cudzMub3JnLzIwMDAvc3ZnIj48L3N2Zz4=\" data-src=\"https:\/\/www.mirafloresboutique.com\/wp-content\/uploads\/2025\/08\/alianza-bote-4-1024x768.jpg\" data-srcset=\"https:\/\/www.mirafloresboutique.com\/wp-content\/uploads\/2025\/08\/alianza-bote-4-1024x768.jpg 1024w, https:\/\/www.mirafloresboutique.com\/wp-content\/uploads\/2025\/08\/alianza-bote-4-300x225.jpg 300w, https:\/\/www.mirafloresboutique.com\/wp-content\/uploads\/2025\/08\/alianza-bote-4-768x576.jpg 768w, https:\/\/www.mirafloresboutique.com\/wp-content\/uploads\/2025\/08\/alianza-bote-4-16x12.jpg 16w, https:\/\/www.mirafloresboutique.com\/wp-content\/uploads\/2025\/08\/alianza-bote-4-500x375.jpg 500w, https:\/\/www.mirafloresboutique.com\/wp-content\/uploads\/2025\/08\/alianza-bote-4-800x600.jpg 800w, https:\/\/www.mirafloresboutique.com\/wp-content\/uploads\/2025\/08\/alianza-bote-4.jpg 1280w\" data-sizes=\"auto\"><\/figure>\n\n\n\n<h2 class=\"wp-block-heading\">Things to Do<\/h2>\n\n\n\n<p>Rel\u00e1jate y refr\u00e9scate con los m\u00e1s modernos cocktails, disfruta de nuestro mar de verdes colores, nuetros jardines con un entorno natural exuberante que crea una atm\u00f3sfera rural tranquila y \u00e1reas comunes acogedoras.<\/p>\n<\/div>\n<\/div>\n\n\n\n<div class=\"wp-block-buttons is-content-justification-center is-layout-flex wp-container-core-buttons-is-layout-16018d1d wp-block-buttons-is-layout-flex\">\n<div class=\"wp-block-button\"><a class=\"wp-block-button__link has-background has-text-align-center wp-element-button\" href=\"https:\/\/wa.me\/573106212479\" style=\"background-color:#cc4444\" target=\"_blank\" rel=\"noreferrer noopener\">Contact us for advice<\/a><\/div>\n<\/div>\n\n\n\n<h2 class=\"wp-block-heading\"><br>Experiences<br><\/h2>\n\n\n\n<p class=\"has-text-align-center\">What do you want to celebrate? What unique moment do you want to experience? Do you want something different for your break? Do you want to experience a unique moment with your partner, friends, family, or work?<\/p>\n\n\n\n<div class=\"wp-block-buttons has-custom-font-size has-medium-font-size is-horizontal is-content-justification-center is-layout-flex wp-container-core-buttons-is-layout-499968f5 wp-block-buttons-is-layout-flex\">\n<div class=\"wp-block-button\"><a class=\"wp-block-button__link has-background has-text-align-center wp-element-button\" href=\"https:\/\/wa.me\/573106212479\" style=\"border-radius:7px;background-color:#cc4444\" target=\"_blank\" rel=\"noreferrer noopener\">Let's plan your best experience together<\/a><\/div>\n<\/div>\n\n\n\n<p><\/p>\n\n\n\n<div class=\"wp-block-columns is-layout-flex wp-container-core-columns-is-layout-9d6595d7 wp-block-columns-is-layout-flex\">\n<div class=\"wp-block-column is-layout-flow wp-block-column-is-layout-flow\">\n<figure class=\"wp-block-image size-full is-style-default\"><noscript><img loading=\"lazy\" decoding=\"async\" width=\"700\" height=\"449\" data-skip-lazy src=\"https:\/\/www.mirafloresboutique.com\/wp-content\/uploads\/2025\/05\/experiencia-personal.jpg\" alt=\"\" class=\"wp-image-213\" srcset=\"https:\/\/www.mirafloresboutique.com\/wp-content\/uploads\/2025\/05\/experiencia-personal.jpg 700w, https:\/\/www.mirafloresboutique.com\/wp-content\/uploads\/2025\/05\/experiencia-personal-300x192.jpg 300w, https:\/\/www.mirafloresboutique.com\/wp-content\/uploads\/2025\/05\/experiencia-personal-18x12.jpg 18w, https:\/\/www.mirafloresboutique.com\/wp-content\/uploads\/2025\/05\/experiencia-personal-500x321.jpg 500w\" sizes=\"auto, (max-width: 700px) 100vw, 700px\" \/><\/noscript><img loading=\"eager\" decoding=\"async\" width=\"700\" height=\"449\" src=\"https:\/\/www.mirafloresboutique.com\/wp-content\/uploads\/2025\/05\/experiencia-personal.jpg\" alt class=\"wp-image-213 vp-lazyload\" srcset=\"data:image\/svg+xml;base64,PHN2ZyB3aWR0aD0iNzAwIiBoZWlnaHQ9IjQ0OSIgdmlld0JveD0iMCAwIDcwMCA0NDkiIGZpbGw9Im5vbmUiIHhtbG5zPSJodHRwOi8vd3d3LnczLm9yZy8yMDAwL3N2ZyI+PC9zdmc+\" data-src=\"https:\/\/www.mirafloresboutique.com\/wp-content\/uploads\/2025\/05\/experiencia-personal.jpg\" data-srcset=\"https:\/\/www.mirafloresboutique.com\/wp-content\/uploads\/2025\/05\/experiencia-personal.jpg 700w, https:\/\/www.mirafloresboutique.com\/wp-content\/uploads\/2025\/05\/experiencia-personal-300x192.jpg 300w, https:\/\/www.mirafloresboutique.com\/wp-content\/uploads\/2025\/05\/experiencia-personal-18x12.jpg 18w, https:\/\/www.mirafloresboutique.com\/wp-content\/uploads\/2025\/05\/experiencia-personal-500x321.jpg 500w\" data-sizes=\"auto\"><\/figure>\n\n\n\n<h2 class=\"wp-block-heading\">Personal Escape<\/h2>\n\n\n\n<p>It's the perfect place to reconnect with yourself. Walk barefoot, immerse yourself in crystal-clear waters, breathe deeply, and feel how time stops to grant you peace and fulfillment.<\/p>\n\n\n\n<div class=\"wp-block-buttons is-layout-flex wp-block-buttons-is-layout-flex\"><\/div>\n<\/div>\n\n\n\n<div class=\"wp-block-column is-layout-flow wp-block-column-is-layout-flow\">\n<figure class=\"wp-block-image size-full\"><noscript><img loading=\"lazy\" decoding=\"async\" width=\"700\" height=\"449\" data-skip-lazy src=\"https:\/\/www.mirafloresboutique.com\/wp-content\/uploads\/2025\/05\/experiencia-familiar.jpg\" alt=\"\" class=\"wp-image-211\" srcset=\"https:\/\/www.mirafloresboutique.com\/wp-content\/uploads\/2025\/05\/experiencia-familiar.jpg 700w, https:\/\/www.mirafloresboutique.com\/wp-content\/uploads\/2025\/05\/experiencia-familiar-300x192.jpg 300w, https:\/\/www.mirafloresboutique.com\/wp-content\/uploads\/2025\/05\/experiencia-familiar-18x12.jpg 18w, https:\/\/www.mirafloresboutique.com\/wp-content\/uploads\/2025\/05\/experiencia-familiar-500x321.jpg 500w\" sizes=\"auto, (max-width: 700px) 100vw, 700px\" \/><\/noscript><img loading=\"eager\" decoding=\"async\" width=\"700\" height=\"449\" src=\"https:\/\/www.mirafloresboutique.com\/wp-content\/uploads\/2025\/05\/experiencia-familiar.jpg\" alt class=\"wp-image-211 vp-lazyload\" srcset=\"data:image\/svg+xml;base64,PHN2ZyB3aWR0aD0iNzAwIiBoZWlnaHQ9IjQ0OSIgdmlld0JveD0iMCAwIDcwMCA0NDkiIGZpbGw9Im5vbmUiIHhtbG5zPSJodHRwOi8vd3d3LnczLm9yZy8yMDAwL3N2ZyI+PC9zdmc+\" data-src=\"https:\/\/www.mirafloresboutique.com\/wp-content\/uploads\/2025\/05\/experiencia-familiar.jpg\" data-srcset=\"https:\/\/www.mirafloresboutique.com\/wp-content\/uploads\/2025\/05\/experiencia-familiar.jpg 700w, https:\/\/www.mirafloresboutique.com\/wp-content\/uploads\/2025\/05\/experiencia-familiar-300x192.jpg 300w, https:\/\/www.mirafloresboutique.com\/wp-content\/uploads\/2025\/05\/experiencia-familiar-18x12.jpg 18w, https:\/\/www.mirafloresboutique.com\/wp-content\/uploads\/2025\/05\/experiencia-familiar-500x321.jpg 500w\" data-sizes=\"auto\"><\/figure>\n\n\n\n<h2 class=\"wp-block-heading\">Couple's Adventure<\/h2>\n\n\n\n<p>As a couple, the Caribbean is all about shared joy. From sand games to adventurous excursions, every laugh and every hug becomes an unforgettable memory. Here, young and old alike find fun, security, and connection.<\/p>\n\n\n\n<div class=\"wp-block-buttons is-layout-flex wp-block-buttons-is-layout-flex\"><\/div>\n<\/div>\n<\/div>\n\n\n\n<div class=\"wp-block-columns is-layout-flex wp-container-core-columns-is-layout-9d6595d7 wp-block-columns-is-layout-flex\">\n<div class=\"wp-block-column is-layout-flow wp-block-column-is-layout-flow\">\n<figure class=\"wp-block-image size-full is-style-default\"><noscript><img loading=\"lazy\" decoding=\"async\" width=\"700\" height=\"449\" data-skip-lazy src=\"https:\/\/www.mirafloresboutique.com\/wp-content\/uploads\/2025\/05\/experiencia-grupos.jpg\" alt=\"\" class=\"wp-image-212\" srcset=\"https:\/\/www.mirafloresboutique.com\/wp-content\/uploads\/2025\/05\/experiencia-grupos.jpg 700w, https:\/\/www.mirafloresboutique.com\/wp-content\/uploads\/2025\/05\/experiencia-grupos-300x192.jpg 300w, https:\/\/www.mirafloresboutique.com\/wp-content\/uploads\/2025\/05\/experiencia-grupos-18x12.jpg 18w, https:\/\/www.mirafloresboutique.com\/wp-content\/uploads\/2025\/05\/experiencia-grupos-500x321.jpg 500w\" sizes=\"auto, (max-width: 700px) 100vw, 700px\" \/><\/noscript><img loading=\"eager\" decoding=\"async\" width=\"700\" height=\"449\" src=\"https:\/\/www.mirafloresboutique.com\/wp-content\/uploads\/2025\/05\/experiencia-grupos.jpg\" alt class=\"wp-image-212 vp-lazyload\" srcset=\"data:image\/svg+xml;base64,PHN2ZyB3aWR0aD0iNzAwIiBoZWlnaHQ9IjQ0OSIgdmlld0JveD0iMCAwIDcwMCA0NDkiIGZpbGw9Im5vbmUiIHhtbG5zPSJodHRwOi8vd3d3LnczLm9yZy8yMDAwL3N2ZyI+PC9zdmc+\" data-src=\"https:\/\/www.mirafloresboutique.com\/wp-content\/uploads\/2025\/05\/experiencia-grupos.jpg\" data-srcset=\"https:\/\/www.mirafloresboutique.com\/wp-content\/uploads\/2025\/05\/experiencia-grupos.jpg 700w, https:\/\/www.mirafloresboutique.com\/wp-content\/uploads\/2025\/05\/experiencia-grupos-300x192.jpg 300w, https:\/\/www.mirafloresboutique.com\/wp-content\/uploads\/2025\/05\/experiencia-grupos-18x12.jpg 18w, https:\/\/www.mirafloresboutique.com\/wp-content\/uploads\/2025\/05\/experiencia-grupos-500x321.jpg 500w\" data-sizes=\"auto\"><\/figure>\n\n\n\n<h2 class=\"wp-block-heading\">Group Getaway<\/h2>\n\n\n\n<p>Traveling with friends or celebrating a special moment? This is the perfect backdrop for connection, laughter, sunsets, and good food.<\/p>\n<\/div>\n\n\n\n<div class=\"wp-block-column is-layout-flow wp-block-column-is-layout-flow\">\n<figure class=\"wp-block-image size-full\"><noscript><img loading=\"lazy\" decoding=\"async\" width=\"700\" height=\"449\" data-skip-lazy src=\"https:\/\/www.mirafloresboutique.com\/wp-content\/uploads\/2025\/05\/experiencia-profesional.jpg\" alt=\"\" class=\"wp-image-214\" srcset=\"https:\/\/www.mirafloresboutique.com\/wp-content\/uploads\/2025\/05\/experiencia-profesional.jpg 700w, https:\/\/www.mirafloresboutique.com\/wp-content\/uploads\/2025\/05\/experiencia-profesional-300x192.jpg 300w, https:\/\/www.mirafloresboutique.com\/wp-content\/uploads\/2025\/05\/experiencia-profesional-18x12.jpg 18w, https:\/\/www.mirafloresboutique.com\/wp-content\/uploads\/2025\/05\/experiencia-profesional-500x321.jpg 500w\" sizes=\"auto, (max-width: 700px) 100vw, 700px\" \/><\/noscript><img loading=\"eager\" decoding=\"async\" width=\"700\" height=\"449\" src=\"https:\/\/www.mirafloresboutique.com\/wp-content\/uploads\/2025\/05\/experiencia-profesional.jpg\" alt class=\"wp-image-214 vp-lazyload\" srcset=\"data:image\/svg+xml;base64,PHN2ZyB3aWR0aD0iNzAwIiBoZWlnaHQ9IjQ0OSIgdmlld0JveD0iMCAwIDcwMCA0NDkiIGZpbGw9Im5vbmUiIHhtbG5zPSJodHRwOi8vd3d3LnczLm9yZy8yMDAwL3N2ZyI+PC9zdmc+\" data-src=\"https:\/\/www.mirafloresboutique.com\/wp-content\/uploads\/2025\/05\/experiencia-profesional.jpg\" data-srcset=\"https:\/\/www.mirafloresboutique.com\/wp-content\/uploads\/2025\/05\/experiencia-profesional.jpg 700w, https:\/\/www.mirafloresboutique.com\/wp-content\/uploads\/2025\/05\/experiencia-profesional-300x192.jpg 300w, https:\/\/www.mirafloresboutique.com\/wp-content\/uploads\/2025\/05\/experiencia-profesional-18x12.jpg 18w, https:\/\/www.mirafloresboutique.com\/wp-content\/uploads\/2025\/05\/experiencia-profesional-500x321.jpg 500w\" data-sizes=\"auto\"><\/figure>\n\n\n\n<h2 class=\"wp-block-heading\">Special Moments<\/h2>\n\n\n\n<p>Combine work and well-being in a setting that inspires. From team-building to leadership events, the Caribbean offers a space for creativity and growth.<\/p>\n\n\n\n<div class=\"wp-block-buttons is-layout-flex wp-block-buttons-is-layout-flex\"><\/div>\n<\/div>\n<\/div>\n\n\n    <div class=\"hcc-converter-container\">\n        <h3>Currency converter<\/h3>\n        <div class=\"hcc-input-group\">\n            <label for=\"hcc-amount\">Cantidad:<\/label>\n            <input type=\"number\" id=\"hcc-amount\" placeholder=\"0\" step=\"any\">\n        <\/div>\n\n        <div class=\"hcc-select-group\">\n            <label for=\"hcc-from-currency\">De:<\/label>\n            <select id=\"hcc-from-currency\">\n                <option value=\"COP\">COP - Peso Colombiano<\/option>\n                <option value=\"USD\">USD - D\u00f3lar estadounidense<\/option>\n                <option value=\"EUR\">EUR - Euro<\/option>\n                <option value=\"BRL\">BRL - Real brasile\u00f1o<\/option>\n                <option value=\"ARS\">ARS - Peso argentino<\/option>\n            <\/select>\n        <\/div>\n\n        <div class=\"hcc-select-group\">\n            <label for=\"hcc-to-currency\">A:<\/label>\n            <select id=\"hcc-to-currency\">\n                <option value=\"USD\">USD - D\u00f3lar estadounidense<\/option>\n                <option value=\"EUR\">EUR - Euro<\/option>\n                <option value=\"BRL\">BRL - Real brasile\u00f1o<\/option>\n                <option value=\"ARS\">ARS - Peso argentino<\/option>\n                <option value=\"COP\">COP - Peso Colombiano<\/option>\n            <\/select>\n        <\/div>\n\n        <button id=\"hcc-convert-button\">Convertir<\/button>\n\n        <div id=\"hcc-result\" class=\"hcc-result\"><\/div>\n        <div class=\"disclaimer\">The values shown are approximate and represent a sample figure. This conversion tool is provided for informational purposes only and does not constitute a binding offer.<\/div>\n    <\/div>\n    \n\n\n\n<h2 class=\"wp-block-heading\"><br>Come Taste the Caribbean<br><\/h2>\n\n\n\n<figure class=\"wp-block-video\"><video height=\"720\" style=\"aspect-ratio: 1280 \/ 720;\" width=\"1280\" controls src=\"https:\/\/www.mirafloresboutique.com\/wp-content\/uploads\/2025\/04\/mirafloresBgHome.mp4\"><\/video><\/figure>","protected":false},"excerpt":{"rendered":"<p>Alianzas \u00bfAlianzas? Con algunos restaurantes y diferentes tiendas de la isla, entre ellas: Donde Franchesca, la Regata y 5avenida, tambi\u00e9n manejamos alianzas con diferentes agencias de Viaje \u201cDespegar, Booking, Expedia, Europa travel y Price travel. \u00bfQu\u00e9 tienes cerca? Eco Parque West View (a 750m): Una zona de clavados con toboganes, vistas del atardecer y aguas [&hellip;]<\/p>","protected":false},"author":1,"featured_media":0,"parent":0,"menu_order":0,"comment_status":"closed","ping_status":"closed","template":"","meta":{"_acf_changed":false,"_vp_format_video_url":"","_vp_image_focal_point":[],"footnotes":""},"class_list":["post-192","page","type-page","status-publish","hentry"],"acf":[],"_links":{"self":[{"href":"https:\/\/www.mirafloresboutique.com\/en\/wp-json\/wp\/v2\/pages\/192","targetHints":{"allow":["GET"]}}],"collection":[{"href":"https:\/\/www.mirafloresboutique.com\/en\/wp-json\/wp\/v2\/pages"}],"about":[{"href":"https:\/\/www.mirafloresboutique.com\/en\/wp-json\/wp\/v2\/types\/page"}],"author":[{"embeddable":true,"href":"https:\/\/www.mirafloresboutique.com\/en\/wp-json\/wp\/v2\/users\/1"}],"replies":[{"embeddable":true,"href":"https:\/\/www.mirafloresboutique.com\/en\/wp-json\/wp\/v2\/comments?post=192"}],"version-history":[{"count":37,"href":"https:\/\/www.mirafloresboutique.com\/en\/wp-json\/wp\/v2\/pages\/192\/revisions"}],"predecessor-version":[{"id":436,"href":"https:\/\/www.mirafloresboutique.com\/en\/wp-json\/wp\/v2\/pages\/192\/revisions\/436"}],"wp:attachment":[{"href":"https:\/\/www.mirafloresboutique.com\/en\/wp-json\/wp\/v2\/media?parent=192"}],"curies":[{"name":"wp","href":"https:\/\/api.w.org\/{rel}","templated":true}]}}